{"id":2,"date":"2025-02-05T16:59:12","date_gmt":"2025-02-05T16:59:12","guid":{"rendered":"https:\/\/infectologiabuenosaires.com\/?page_id=2"},"modified":"2025-02-09T17:40:01","modified_gmt":"2025-02-09T20:40:01","slug":"home-page","status":"publish","type":"page","link":"https:\/\/infectologiabuenosaires.com\/","title":{"rendered":"Inicio"},"content":{"rendered":"\n<blockquote class=\"wp-block-quote is-layout-flow wp-block-quote-is-layout-flow\">\n<p>Quiero brindarte una atenci\u00f3n c\u00e1lida y humana, dedicando el tiempo necesario para responder todas tus dudas sobre el diang\u00f3stico y tratamiento. Como m\u00e9dico infect\u00f3logo especializado cuento con una amplia trayectoria en centros de referencia, como el Hospital J. Fern\u00e1ndez, Fundaci\u00f3n Favaloro y Hospital Alem\u00e1n, entre otros<\/p>\n<\/blockquote>\n\n\n\n<p><\/p>\n","protected":false},"excerpt":{"rendered":"<p>Quiero brindarte una atenci\u00f3n c\u00e1lida y humana, dedicando el tiempo necesario para responder todas tus dudas sobre el diang\u00f3stico y tratamiento. Como m\u00e9dico infect\u00f3logo especializado cuento con una amplia trayectoria en centros de referencia, como el Hospital J. Fern\u00e1ndez, Fundaci\u00f3n Favaloro y Hospital Alem\u00e1n, entre otros<\/p>\n","protected":false},"author":1,"featured_media":0,"parent":0,"menu_order":0,"comment_status":"closed","ping_status":"closed","template":"","meta":{"_themeisle_gutenberg_block_has_review":false,"footnotes":""},"class_list":["post-2","page","type-page","status-publish","hentry"],"_links":{"self":[{"href":"https:\/\/infectologiabuenosaires.com\/index.php?rest_route=\/wp\/v2\/pages\/2","targetHints":{"allow":["GET"]}}],"collection":[{"href":"https:\/\/infectologiabuenosaires.com\/index.php?rest_route=\/wp\/v2\/pages"}],"about":[{"href":"https:\/\/infectologiabuenosaires.com\/index.php?rest_route=\/wp\/v2\/types\/page"}],"author":[{"embeddable":true,"href":"https:\/\/infectologiabuenosaires.com\/index.php?rest_route=\/wp\/v2\/users\/1"}],"replies":[{"embeddable":true,"href":"https:\/\/infectologiabuenosaires.com\/index.php?rest_route=%2Fwp%2Fv2%2Fcomments&post=2"}],"version-history":[{"count":5,"href":"https:\/\/infectologiabuenosaires.com\/index.php?rest_route=\/wp\/v2\/pages\/2\/revisions"}],"predecessor-version":[{"id":94,"href":"https:\/\/infectologiabuenosaires.com\/index.php?rest_route=\/wp\/v2\/pages\/2\/revisions\/94"}],"wp:attachment":[{"href":"https:\/\/infectologiabuenosaires.com\/index.php?rest_route=%2Fwp%2Fv2%2Fmedia&parent=2"}],"curies":[{"name":"wp","href":"https:\/\/api.w.org\/{rel}","templated":true}]}}